{"id":730,"date":"2023-06-21T00:59:22","date_gmt":"2023-06-21T00:59:22","guid":{"rendered":"https:\/\/apsadvisorsgroup.com\/?page_id=730"},"modified":"2023-08-14T16:16:35","modified_gmt":"2023-08-14T16:16:35","slug":"proyectos-el-portal","status":"publish","type":"page","link":"https:\/\/apsadvisorsgroup.com\/en\/proyectos-el-portal\/","title":{"rendered":"El Portal"},"content":{"rendered":"<div data-elementor-type=\"wp-page\" data-elementor-id=\"730\" class=\"elementor elementor-730\">\n\t\t\t\t\t\t<section class=\"elementor-section elementor-top-section elementor-element elementor-element-c666f59 elementor-section-stretched elementor-section-boxed elementor-section-height-default elementor-section-height-default\" data-id=\"c666f59\" data-element_type=\"section\" data-settings=\"{&quot;stretch_section&quot;:&quot;section-stretched&quot;,&quot;background_background&quot;:&quot;classic&quot;}\">\n\t\t\t\t\t\t\t<div class=\"elementor-background-overlay\"><\/div>\n\t\t\t\t\t\t\t<div class=\"elementor-container elementor-column-gap-default\">\n\t\t\t\t\t<div class=\"elementor-column elementor-col-100 elementor-top-column elementor-element elementor-element-61ec35a\" data-id=\"61ec35a\" data-element_type=\"column\">\n\t\t\t<div class=\"elementor-widget-wrap\">\n\t\t\t\t\t\t\t<\/div>\n\t\t<\/div>\n\t\t\t\t\t<\/div>\n\t\t<\/section>\n\t\t\t\t<section class=\"elementor-section elementor-top-section elementor-element elementor-element-ff3ab76 elementor-section-boxed elementor-section-height-default elementor-section-height-default\" data-id=\"ff3ab76\" data-element_type=\"section\" data-settings=\"{&quot;background_background&quot;:&quot;classic&quot;}\">\n\t\t\t\t\t\t<div class=\"elementor-container elementor-column-gap-default\">\n\t\t\t\t\t<div class=\"elementor-column elementor-col-50 elementor-top-column elementor-element elementor-element-bdec563 elementor-invisible\" data-id=\"bdec563\" data-element_type=\"column\" data-settings=\"{&quot;animation&quot;:&quot;slideInUp&quot;}\">\n\t\t\t<div class=\"elementor-widget-wrap elementor-element-populated\">\n\t\t\t\t\t\t<div class=\"elementor-element elementor-element-a60be3c elementor-widget elementor-widget-heading\" data-id=\"a60be3c\" data-element_type=\"widget\" data-settings=\"{&quot;_animation&quot;:&quot;none&quot;}\" data-widget_type=\"heading.default\">\n\t\t\t\t<div class=\"elementor-widget-container\">\n\t\t\t\t\t<h2 class=\"elementor-heading-title elementor-size-default\">El Portal, FL<\/h2>\t\t\t\t<\/div>\n\t\t\t\t<\/div>\n\t\t\t\t<div class=\"elementor-element elementor-element-a528bd7 elementor-widget elementor-widget-text-editor\" data-id=\"a528bd7\" data-element_type=\"widget\" data-settings=\"{&quot;_animation&quot;:&quot;none&quot;}\" data-widget_type=\"text-editor.default\">\n\t\t\t\t<div class=\"elementor-widget-container\">\n\t\t\t\t\t\t\t\t\t<p>Purchase, repair, rent and sale.<\/p>\t\t\t\t\t\t\t\t<\/div>\n\t\t\t\t<\/div>\n\t\t\t\t<div class=\"elementor-element elementor-element-8aabad1 elementor-widget elementor-widget-text-editor\" data-id=\"8aabad1\" data-element_type=\"widget\" data-settings=\"{&quot;_animation&quot;:&quot;none&quot;}\" data-widget_type=\"text-editor.default\">\n\t\t\t\t<div class=\"elementor-widget-container\">\n\t\t\t\t\t\t\t\t\t<p class=\"v1MsoNormal\"><span lang=\"ES\">Area under AC: 1,876 ft<sup>2<\/sup> &#8211; 174.0 Mts<sup>2<\/sup><\/span><\/p><p class=\"v1MsoNormal\"><span lang=\"ES\">Land area: 13,700 ft<sup>2 <\/sup>&#8211; 1,273.0 Mts<sup>2<\/sup><\/span><\/p><p class=\"v1MsoNormal\">12 months of restoration.<\/p>\t\t\t\t\t\t\t\t<\/div>\n\t\t\t\t<\/div>\n\t\t\t\t<div class=\"elementor-element elementor-element-2ee7e60 elementor-align-left elementor-widget elementor-widget-button\" data-id=\"2ee7e60\" data-element_type=\"widget\" data-settings=\"{&quot;_animation&quot;:&quot;none&quot;}\" data-widget_type=\"button.default\">\n\t\t\t\t<div class=\"elementor-widget-container\">\n\t\t\t\t\t\t\t\t\t<div class=\"elementor-button-wrapper\">\n\t\t\t\t\t<a class=\"elementor-button elementor-button-link elementor-size-sm\" href=\"https:\/\/apsadvisorsgroup.com\/en\/proyectos\/\">\n\t\t\t\t\t\t<span class=\"elementor-button-content-wrapper\">\n\t\t\t\t\t\t\t\t\t<span class=\"elementor-button-text\">Back to Projects<\/span>\n\t\t\t\t\t<\/span>\n\t\t\t\t\t<\/a>\n\t\t\t\t<\/div>\n\t\t\t\t\t\t\t\t<\/div>\n\t\t\t\t<\/div>\n\t\t\t\t\t<\/div>\n\t\t<\/div>\n\t\t\t\t<div class=\"elementor-column elementor-col-50 elementor-top-column elementor-element elementor-element-6d61485\" data-id=\"6d61485\" data-element_type=\"column\">\n\t\t\t<div class=\"elementor-widget-wrap elementor-element-populated\">\n\t\t\t\t\t\t<div class=\"elementor-element elementor-element-49e8ad3 gallery-spacing-custom elementor-widget__width-initial elementor-invisible elementor-widget elementor-widget-image-gallery\" data-id=\"49e8ad3\" data-element_type=\"widget\" data-settings=\"{&quot;_animation&quot;:&quot;fadeIn&quot;}\" data-widget_type=\"image-gallery.default\">\n\t\t\t\t<div class=\"elementor-widget-container\">\n\t\t\t\t\t\t\t<div class=\"elementor-image-gallery\">\n\t\t\t<div id='gallery-1' class='gallery galleryid-730 gallery-columns-2 gallery-size-full'><figure class='gallery-item'>\n\t\t\t<div class='gallery-icon landscape'>\n\t\t\t\t<a data-elementor-open-lightbox=\"yes\" data-elementor-lightbox-slideshow=\"49e8ad3\" data-elementor-lightbox-title=\"Proyectos El Portal, FL - Despues\" data-e-action-hash=\"#elementor-action%3Aaction%3Dlightbox%26settings%3DeyJpZCI6NzM2LCJ1cmwiOiJodHRwczpcL1wvYXBzYWR2aXNvcnNncm91cC5jb21cL3dwLWNvbnRlbnRcL3VwbG9hZHNcLzIwMjNcLzA2XC9Qcm95ZWN0b3MtRWwtUG9ydGFsLUZMLURlc3B1ZXMuanBnIiwic2xpZGVzaG93IjoiNDllOGFkMyJ9\" href='https:\/\/apsadvisorsgroup.com\/wp-content\/uploads\/2023\/06\/Proyectos-El-Portal-FL-Despues.jpg'><img fetchpriority=\"high\" decoding=\"async\" width=\"1200\" height=\"630\" src=\"https:\/\/apsadvisorsgroup.com\/wp-content\/uploads\/2023\/06\/Proyectos-El-Portal-FL-Despues.jpg\" class=\"attachment-full size-full\" alt=\"\" aria-describedby=\"gallery-1-736\" srcset=\"https:\/\/apsadvisorsgroup.com\/wp-content\/uploads\/2023\/06\/Proyectos-El-Portal-FL-Despues.jpg 1200w, https:\/\/apsadvisorsgroup.com\/wp-content\/uploads\/2023\/06\/Proyectos-El-Portal-FL-Despues-300x158.jpg 300w, https:\/\/apsadvisorsgroup.com\/wp-content\/uploads\/2023\/06\/Proyectos-El-Portal-FL-Despues-1024x538.jpg 1024w, https:\/\/apsadvisorsgroup.com\/wp-content\/uploads\/2023\/06\/Proyectos-El-Portal-FL-Despues-768x403.jpg 768w\" sizes=\"(max-width: 1200px) 100vw, 1200px\" \/><\/a>\n\t\t\t<\/div>\n\t\t\t\t<figcaption class='wp-caption-text gallery-caption' id='gallery-1-736'>\n\t\t\t\tFinished house\n\t\t\t\t<\/figcaption><\/figure><figure class='gallery-item'>\n\t\t\t<div class='gallery-icon landscape'>\n\t\t\t\t<a data-elementor-open-lightbox=\"yes\" data-elementor-lightbox-slideshow=\"49e8ad3\" data-elementor-lightbox-title=\"Proyectos El Portal, FL - Antes\" data-e-action-hash=\"#elementor-action%3Aaction%3Dlightbox%26settings%3DeyJpZCI6NzM3LCJ1cmwiOiJodHRwczpcL1wvYXBzYWR2aXNvcnNncm91cC5jb21cL3dwLWNvbnRlbnRcL3VwbG9hZHNcLzIwMjNcLzA2XC9Qcm95ZWN0b3MtRWwtUG9ydGFsLUZMLUFudGVzLmpwZyIsInNsaWRlc2hvdyI6IjQ5ZThhZDMifQ%3D%3D\" href='https:\/\/apsadvisorsgroup.com\/wp-content\/uploads\/2023\/06\/Proyectos-El-Portal-FL-Antes.jpg'><img decoding=\"async\" width=\"1200\" height=\"630\" src=\"https:\/\/apsadvisorsgroup.com\/wp-content\/uploads\/2023\/06\/Proyectos-El-Portal-FL-Antes.jpg\" class=\"attachment-full size-full\" alt=\"\" aria-describedby=\"gallery-1-737\" srcset=\"https:\/\/apsadvisorsgroup.com\/wp-content\/uploads\/2023\/06\/Proyectos-El-Portal-FL-Antes.jpg 1200w, https:\/\/apsadvisorsgroup.com\/wp-content\/uploads\/2023\/06\/Proyectos-El-Portal-FL-Antes-300x158.jpg 300w, https:\/\/apsadvisorsgroup.com\/wp-content\/uploads\/2023\/06\/Proyectos-El-Portal-FL-Antes-1024x538.jpg 1024w, https:\/\/apsadvisorsgroup.com\/wp-content\/uploads\/2023\/06\/Proyectos-El-Portal-FL-Antes-768x403.jpg 768w\" sizes=\"(max-width: 1200px) 100vw, 1200px\" \/><\/a>\n\t\t\t<\/div>\n\t\t\t\t<figcaption class='wp-caption-text gallery-caption' id='gallery-1-737'>\n\t\t\t\tBefore\n\t\t\t\t<\/figcaption><\/figure>\n\t\t<\/div>\n\t\t<\/div>\n\t\t\t\t\t\t<\/div>\n\t\t\t\t<\/div>\n\t\t\t\t\t<\/div>\n\t\t<\/div>\n\t\t\t\t\t<\/div>\n\t\t<\/section>\n\t\t\t\t<section class=\"elementor-section elementor-top-section elementor-element elementor-element-dc96cac elementor-section-boxed elementor-section-height-default elementor-section-height-default\" data-id=\"dc96cac\" data-element_type=\"section\" data-settings=\"{&quot;background_background&quot;:&quot;classic&quot;}\">\n\t\t\t\t\t\t<div class=\"elementor-container elementor-column-gap-default\">\n\t\t\t\t\t<div class=\"elementor-column elementor-col-100 elementor-top-column elementor-element elementor-element-6a4a29c\" data-id=\"6a4a29c\" data-element_type=\"column\">\n\t\t\t<div class=\"elementor-widget-wrap elementor-element-populated\">\n\t\t\t\t\t\t<div class=\"elementor-element elementor-element-66a6f54 elementor-invisible elementor-widget elementor-widget-heading\" data-id=\"66a6f54\" data-element_type=\"widget\" data-settings=\"{&quot;_animation&quot;:&quot;fadeIn&quot;}\" data-widget_type=\"heading.default\">\n\t\t\t\t<div class=\"elementor-widget-container\">\n\t\t\t\t\t<h2 class=\"elementor-heading-title elementor-size-default\">Location<\/h2>\t\t\t\t<\/div>\n\t\t\t\t<\/div>\n\t\t\t\t<div class=\"elementor-element elementor-element-615f295 elementor-invisible elementor-widget elementor-widget-google_maps\" data-id=\"615f295\" data-element_type=\"widget\" data-settings=\"{&quot;_animation&quot;:&quot;fadeIn&quot;}\" data-widget_type=\"google_maps.default\">\n\t\t\t\t<div class=\"elementor-widget-container\">\n\t\t\t\t\t\t\t<div class=\"elementor-custom-embed\">\n\t\t\t<iframe loading=\"lazy\"\n\t\t\t\t\tsrc=\"https:\/\/maps.google.com\/maps?q=475%20NE%2089th%20Street%20El%20Portal%2C%20Fl%2033138&#038;t=m&#038;z=9&#038;output=embed&#038;iwloc=near\"\n\t\t\t\t\ttitle=\"475 NE 89th Street El Portal, Fl 33138\"\n\t\t\t\t\taria-label=\"475 NE 89th Street El Portal, Fl 33138\"\n\t\t\t><\/iframe>\n\t\t<\/div>\n\t\t\t\t\t\t<\/div>\n\t\t\t\t<\/div>\n\t\t\t\t\t<\/div>\n\t\t<\/div>\n\t\t\t\t\t<\/div>\n\t\t<\/section>\n\t\t\t\t<section class=\"elementor-section elementor-top-section elementor-element elementor-element-0388adb elementor-section-stretched elementor-section-boxed elementor-section-height-default elementor-section-height-default elementor-invisible\" data-id=\"0388adb\" data-element_type=\"section\" data-settings=\"{&quot;stretch_section&quot;:&quot;section-stretched&quot;,&quot;background_background&quot;:&quot;classic&quot;,&quot;animation&quot;:&quot;fadeIn&quot;}\">\n\t\t\t\t\t\t\t<div class=\"elementor-background-overlay\"><\/div>\n\t\t\t\t\t\t\t<div class=\"elementor-container elementor-column-gap-default\">\n\t\t\t\t\t<div class=\"elementor-column elementor-col-50 elementor-top-column elementor-element elementor-element-2216abd\" data-id=\"2216abd\" data-element_type=\"column\">\n\t\t\t<div class=\"elementor-widget-wrap elementor-element-populated\">\n\t\t\t\t\t\t<div class=\"elementor-element elementor-element-fb189bb elementor-align-right elementor-mobile-align-center elementor-widget elementor-widget-button\" data-id=\"fb189bb\" data-element_type=\"widget\" data-widget_type=\"button.default\">\n\t\t\t\t<div class=\"elementor-widget-container\">\n\t\t\t\t\t\t\t\t\t<div class=\"elementor-button-wrapper\">\n\t\t\t\t\t<a class=\"elementor-button elementor-size-sm\" role=\"button\">\n\t\t\t\t\t\t<span class=\"elementor-button-content-wrapper\">\n\t\t\t\t\t\t\t\t\t<span class=\"elementor-button-text\">Copyright \u00a9 2023 APS Advisors Group LLC.<\/span>\n\t\t\t\t\t<\/span>\n\t\t\t\t\t<\/a>\n\t\t\t\t<\/div>\n\t\t\t\t\t\t\t\t<\/div>\n\t\t\t\t<\/div>\n\t\t\t\t\t<\/div>\n\t\t<\/div>\n\t\t\t\t<div class=\"elementor-column elementor-col-50 elementor-top-column elementor-element elementor-element-ad1a58e\" data-id=\"ad1a58e\" data-element_type=\"column\">\n\t\t\t<div class=\"elementor-widget-wrap elementor-element-populated\">\n\t\t\t\t\t\t<div class=\"elementor-element elementor-element-9103778 elementor-align-left elementor-mobile-align-center elementor-widget elementor-widget-button\" data-id=\"9103778\" data-element_type=\"widget\" data-widget_type=\"button.default\">\n\t\t\t\t<div class=\"elementor-widget-container\">\n\t\t\t\t\t\t\t\t\t<div class=\"elementor-button-wrapper\">\n\t\t\t\t\t<a class=\"elementor-button elementor-size-sm\" role=\"button\">\n\t\t\t\t\t\t<span class=\"elementor-button-content-wrapper\">\n\t\t\t\t\t\t<span class=\"elementor-button-icon\">\n\t\t\t\t<svg xmlns=\"http:\/\/www.w3.org\/2000\/svg\" viewbox=\"0 0 189 99\"><defs><style>.cls-1{fill:#0c1015;}<\/style><\/defs><g id=\"Capa_2\" data-name=\"Capa 2\"><g id=\"Arte\"><path class=\"cls-1\" d=\"M187,99H2a2,2,0,0,1-2-2V2A2,2,0,0,1,2,0H187a2,2,0,0,1,2,2V97A2,2,0,0,1,187,99ZM9.39,91.25H179.61a1.63,1.63,0,0,0,1.64-1.64V9.39a1.63,1.63,0,0,0-1.64-1.64H9.39A1.63,1.63,0,0,0,7.75,9.39V89.61A1.63,1.63,0,0,0,9.39,91.25Z\"><\/path><path class=\"cls-1\" d=\"M70.69,72H28.31A1.31,1.31,0,0,1,27,70.69V28.31A1.31,1.31,0,0,1,28.31,27H70.69A1.31,1.31,0,0,1,72,28.31v6.38A1.31,1.31,0,0,1,70.69,36h-34a.65.65,0,0,0-.66.66V62.34a.65.65,0,0,0,.66.66H62.34a.65.65,0,0,0,.66-.66V54.66a.65.65,0,0,0-.66-.66h-7A1.31,1.31,0,0,1,54,52.69V46.31A1.31,1.31,0,0,1,55.31,45H70.69A1.31,1.31,0,0,1,72,46.31V70.69A1.31,1.31,0,0,1,70.69,72Z\"><\/path><path class=\"cls-1\" d=\"M117,70.69V28.31A1.31,1.31,0,0,1,118.31,27h42.38A1.31,1.31,0,0,1,162,28.31V70.69A1.31,1.31,0,0,1,160.69,72H118.31A1.31,1.31,0,0,1,117,70.69Zm36-8.35V36.66a.65.65,0,0,0-.66-.66H126.66a.65.65,0,0,0-.66.66V62.34a.65.65,0,0,0,.66.66h25.68A.65.65,0,0,0,153,62.34Z\"><\/path><\/g><\/g><\/svg>\t\t\t<\/span>\n\t\t\t\t\t\t\t\t\t<span class=\"elementor-button-text\">Designed by Go Studios S.A.S.<\/span>\n\t\t\t\t\t<\/span>\n\t\t\t\t\t<\/a>\n\t\t\t\t<\/div>\n\t\t\t\t\t\t\t\t<\/div>\n\t\t\t\t<\/div>\n\t\t\t\t\t<\/div>\n\t\t<\/div>\n\t\t\t\t\t<\/div>\n\t\t<\/section>\n\t\t\t\t<\/div>","protected":false},"excerpt":{"rendered":"<p>El Portal, FL Compra, reparaci\u00f3n, renta y venta. \u00c1rea bajo AC: 1,876 Pies2 &#8211; 174.0 Mts2 \u00c1rea del terreno: 13,700 Pies2 &#8211; 1,273.0 Mts2 12 meses de restauraci\u00f3n. Volver a Proyectos Foto terminada Foto antes Ubicaci\u00f3n Copyright \u00a9 2023 APS Advisors Group LLC. Designed by Go Studios S.A.S.<\/p>","protected":false},"author":1,"featured_media":0,"parent":0,"menu_order":0,"comment_status":"closed","ping_status":"closed","template":"","meta":{"site-sidebar-layout":"no-sidebar","site-content-layout":"page-builder","ast-site-content-layout":"","site-content-style":"default","site-sidebar-style":"default","ast-global-header-display":"","ast-banner-title-visibility":"","ast-main-header-display":"","ast-hfb-above-header-display":"","ast-hfb-below-header-display":"","ast-hfb-mobile-header-display":"","site-post-title":"disabled","ast-breadcrumbs-content":"","ast-featured-img":"disabled","footer-sml-layout":"","theme-transparent-header-meta":"","adv-header-id-meta":"","stick-header-meta":"","header-above-stick-meta":"","header-main-stick-meta":"","header-below-stick-meta":"","astra-migrate-meta-layouts":"default","ast-page-background-enabled":"default","ast-page-background-meta":{"desktop":{"background-color":"var(--ast-global-color-4)","background-image":"","background-repeat":"repeat","background-position":"center center","background-size":"auto","background-attachment":"scroll","background-type":"","background-media":"","overlay-type":"","overlay-color":"","overlay-opacity":"","overlay-gradient":""},"tablet":{"background-color":"","background-image":"","background-repeat":"repeat","background-position":"center center","background-size":"auto","background-attachment":"scroll","background-type":"","background-media":"","overlay-type":"","overlay-color":"","overlay-opacity":"","overlay-gradient":""},"mobile":{"background-color":"","background-image":"","background-repeat":"repeat","background-position":"center center","background-size":"auto","background-attachment":"scroll","background-type":"","background-media":"","overlay-type":"","overlay-color":"","overlay-opacity":"","overlay-gradient":""}},"ast-content-background-meta":{"desktop":{"background-color":"var(--ast-global-color-5)","background-image":"","background-repeat":"repeat","background-position":"center center","background-size":"auto","background-attachment":"scroll","background-type":"","background-media":"","overlay-type":"","overlay-color":"","overlay-opacity":"","overlay-gradient":""},"tablet":{"background-color":"var(--ast-global-color-5)","background-image":"","background-repeat":"repeat","background-position":"center center","background-size":"auto","background-attachment":"scroll","background-type":"","background-media":"","overlay-type":"","overlay-color":"","overlay-opacity":"","overlay-gradient":""},"mobile":{"background-color":"var(--ast-global-color-5)","background-image":"","background-repeat":"repeat","background-position":"center center","background-size":"auto","background-attachment":"scroll","background-type":"","background-media":"","overlay-type":"","overlay-color":"","overlay-opacity":"","overlay-gradient":""}},"footnotes":""},"class_list":["post-730","page","type-page","status-publish","hentry"],"_links":{"self":[{"href":"https:\/\/apsadvisorsgroup.com\/en\/wp-json\/wp\/v2\/pages\/730","targetHints":{"allow":["GET"]}}],"collection":[{"href":"https:\/\/apsadvisorsgroup.com\/en\/wp-json\/wp\/v2\/pages"}],"about":[{"href":"https:\/\/apsadvisorsgroup.com\/en\/wp-json\/wp\/v2\/types\/page"}],"author":[{"embeddable":true,"href":"https:\/\/apsadvisorsgroup.com\/en\/wp-json\/wp\/v2\/users\/1"}],"replies":[{"embeddable":true,"href":"https:\/\/apsadvisorsgroup.com\/en\/wp-json\/wp\/v2\/comments?post=730"}],"version-history":[{"count":43,"href":"https:\/\/apsadvisorsgroup.com\/en\/wp-json\/wp\/v2\/pages\/730\/revisions"}],"predecessor-version":[{"id":2710,"href":"https:\/\/apsadvisorsgroup.com\/en\/wp-json\/wp\/v2\/pages\/730\/revisions\/2710"}],"wp:attachment":[{"href":"https:\/\/apsadvisorsgroup.com\/en\/wp-json\/wp\/v2\/media?parent=730"}],"curies":[{"name":"wp","href":"https:\/\/api.w.org\/{rel}","templated":true}]}}