{"id":651,"date":"2023-06-20T23:46:22","date_gmt":"2023-06-20T23:46:22","guid":{"rendered":"https:\/\/apsadvisorsgroup.com\/?page_id=651"},"modified":"2023-08-11T19:28:46","modified_gmt":"2023-08-11T19:28:46","slug":"proyectos-fort-lauderdale","status":"publish","type":"page","link":"https:\/\/apsadvisorsgroup.com\/en\/proyectos-fort-lauderdale\/","title":{"rendered":"Fort Lauderdale"},"content":{"rendered":"<div data-elementor-type=\"wp-page\" data-elementor-id=\"651\" class=\"elementor elementor-651\">\n\t\t\t\t\t\t<section class=\"elementor-section elementor-top-section elementor-element elementor-element-6c10bad elementor-section-stretched elementor-section-boxed elementor-section-height-default elementor-section-height-default\" data-id=\"6c10bad\" data-element_type=\"section\" data-settings=\"{&quot;stretch_section&quot;:&quot;section-stretched&quot;,&quot;background_background&quot;:&quot;classic&quot;}\">\n\t\t\t\t\t\t\t<div class=\"elementor-background-overlay\"><\/div>\n\t\t\t\t\t\t\t<div class=\"elementor-container elementor-column-gap-default\">\n\t\t\t\t\t<div class=\"elementor-column elementor-col-100 elementor-top-column elementor-element elementor-element-00e4148\" data-id=\"00e4148\" data-element_type=\"column\">\n\t\t\t<div class=\"elementor-widget-wrap\">\n\t\t\t\t\t\t\t<\/div>\n\t\t<\/div>\n\t\t\t\t\t<\/div>\n\t\t<\/section>\n\t\t\t\t<section class=\"elementor-section elementor-top-section elementor-element elementor-element-80b8d0f elementor-section-boxed elementor-section-height-default elementor-section-height-default\" data-id=\"80b8d0f\" data-element_type=\"section\" data-settings=\"{&quot;background_background&quot;:&quot;classic&quot;}\">\n\t\t\t\t\t\t<div class=\"elementor-container elementor-column-gap-default\">\n\t\t\t\t\t<div class=\"elementor-column elementor-col-50 elementor-top-column elementor-element elementor-element-9023678 elementor-invisible\" data-id=\"9023678\" data-element_type=\"column\" data-settings=\"{&quot;animation&quot;:&quot;slideInUp&quot;}\">\n\t\t\t<div class=\"elementor-widget-wrap elementor-element-populated\">\n\t\t\t\t\t\t<div class=\"elementor-element elementor-element-44dbc8a elementor-widget elementor-widget-heading\" data-id=\"44dbc8a\" data-element_type=\"widget\" data-settings=\"{&quot;_animation&quot;:&quot;none&quot;}\" data-widget_type=\"heading.default\">\n\t\t\t\t<div class=\"elementor-widget-container\">\n\t\t\t\t\t<h2 class=\"elementor-heading-title elementor-size-default\">Fort Lauderdale, FL<\/h2>\t\t\t\t<\/div>\n\t\t\t\t<\/div>\n\t\t\t\t<div class=\"elementor-element elementor-element-b88234d elementor-widget elementor-widget-text-editor\" data-id=\"b88234d\" data-element_type=\"widget\" data-settings=\"{&quot;_animation&quot;:&quot;none&quot;}\" data-widget_type=\"text-editor.default\">\n\t\t\t\t<div class=\"elementor-widget-container\">\n\t\t\t\t\t\t\t\t\t<p>Purchase, repair and sale of a single-story house.<\/p>\t\t\t\t\t\t\t\t<\/div>\n\t\t\t\t<\/div>\n\t\t\t\t<div class=\"elementor-element elementor-element-cfcb1e6 elementor-widget elementor-widget-text-editor\" data-id=\"cfcb1e6\" data-element_type=\"widget\" data-settings=\"{&quot;_animation&quot;:&quot;none&quot;}\" data-widget_type=\"text-editor.default\">\n\t\t\t\t<div class=\"elementor-widget-container\">\n\t\t\t\t\t\t\t\t\t<p class=\"v1MsoNormal\"><span lang=\"ES\">Area under AC: 1,368 ft<sup>2<\/sup> &#8211; 127.0 Mts<sup>2<\/sup><\/span><\/p><p class=\"v1MsoNormal\"><span lang=\"ES\">Land area: 7,216 ft<sup>2<\/sup> &#8211; 670.0 Mts<sup>2<\/sup><\/span><\/p><p>90 days of remodeling.<\/p>\t\t\t\t\t\t\t\t<\/div>\n\t\t\t\t<\/div>\n\t\t\t\t<div class=\"elementor-element elementor-element-d33b554 elementor-align-left elementor-widget elementor-widget-button\" data-id=\"d33b554\" data-element_type=\"widget\" data-settings=\"{&quot;_animation&quot;:&quot;none&quot;}\" data-widget_type=\"button.default\">\n\t\t\t\t<div class=\"elementor-widget-container\">\n\t\t\t\t\t\t\t\t\t<div class=\"elementor-button-wrapper\">\n\t\t\t\t\t<a class=\"elementor-button elementor-button-link elementor-size-sm\" href=\"https:\/\/apsadvisorsgroup.com\/en\/proyectos\/\">\n\t\t\t\t\t\t<span class=\"elementor-button-content-wrapper\">\n\t\t\t\t\t\t\t\t\t<span class=\"elementor-button-text\">Back to Projects<\/span>\n\t\t\t\t\t<\/span>\n\t\t\t\t\t<\/a>\n\t\t\t\t<\/div>\n\t\t\t\t\t\t\t\t<\/div>\n\t\t\t\t<\/div>\n\t\t\t\t\t<\/div>\n\t\t<\/div>\n\t\t\t\t<div class=\"elementor-column elementor-col-50 elementor-top-column elementor-element elementor-element-3137ad6\" data-id=\"3137ad6\" data-element_type=\"column\">\n\t\t\t<div class=\"elementor-widget-wrap elementor-element-populated\">\n\t\t\t\t\t\t<div class=\"elementor-element elementor-element-40a2032 gallery-spacing-custom elementor-widget__width-initial elementor-invisible elementor-widget elementor-widget-image-gallery\" data-id=\"40a2032\" data-element_type=\"widget\" data-settings=\"{&quot;_animation&quot;:&quot;fadeIn&quot;}\" data-widget_type=\"image-gallery.default\">\n\t\t\t\t<div class=\"elementor-widget-container\">\n\t\t\t\t\t\t\t<div class=\"elementor-image-gallery\">\n\t\t\t<div id='gallery-1' class='gallery galleryid-651 gallery-columns-2 gallery-size-full'><figure class='gallery-item'>\n\t\t\t<div class='gallery-icon landscape'>\n\t\t\t\t<a data-elementor-open-lightbox=\"yes\" data-elementor-lightbox-slideshow=\"40a2032\" data-elementor-lightbox-title=\"Proyectos Fort Lauderdale, FL - Despues\" data-e-action-hash=\"#elementor-action%3Aaction%3Dlightbox%26settings%3DeyJpZCI6NjU5LCJ1cmwiOiJodHRwczpcL1wvYXBzYWR2aXNvcnNncm91cC5jb21cL3dwLWNvbnRlbnRcL3VwbG9hZHNcLzIwMjNcLzA2XC9Qcm95ZWN0b3MtRm9ydC1MYXVkZXJkYWxlLUZMLURlc3B1ZXMuanBnIiwic2xpZGVzaG93IjoiNDBhMjAzMiJ9\" href='https:\/\/apsadvisorsgroup.com\/wp-content\/uploads\/2023\/06\/Proyectos-Fort-Lauderdale-FL-Despues.jpg'><img fetchpriority=\"high\" decoding=\"async\" width=\"1200\" height=\"630\" src=\"https:\/\/apsadvisorsgroup.com\/wp-content\/uploads\/2023\/06\/Proyectos-Fort-Lauderdale-FL-Despues.jpg\" class=\"attachment-full size-full\" alt=\"\" aria-describedby=\"gallery-1-659\" srcset=\"https:\/\/apsadvisorsgroup.com\/wp-content\/uploads\/2023\/06\/Proyectos-Fort-Lauderdale-FL-Despues.jpg 1200w, https:\/\/apsadvisorsgroup.com\/wp-content\/uploads\/2023\/06\/Proyectos-Fort-Lauderdale-FL-Despues-300x158.jpg 300w, https:\/\/apsadvisorsgroup.com\/wp-content\/uploads\/2023\/06\/Proyectos-Fort-Lauderdale-FL-Despues-1024x538.jpg 1024w, https:\/\/apsadvisorsgroup.com\/wp-content\/uploads\/2023\/06\/Proyectos-Fort-Lauderdale-FL-Despues-768x403.jpg 768w\" sizes=\"(max-width: 1200px) 100vw, 1200px\" \/><\/a>\n\t\t\t<\/div>\n\t\t\t\t<figcaption class='wp-caption-text gallery-caption' id='gallery-1-659'>\n\t\t\t\tFinished house\n\t\t\t\t<\/figcaption><\/figure><figure class='gallery-item'>\n\t\t\t<div class='gallery-icon landscape'>\n\t\t\t\t<a data-elementor-open-lightbox=\"yes\" data-elementor-lightbox-slideshow=\"40a2032\" data-elementor-lightbox-title=\"Proyectos Fort Lauderdale, FL - Antes\" data-e-action-hash=\"#elementor-action%3Aaction%3Dlightbox%26settings%3DeyJpZCI6NjYyLCJ1cmwiOiJodHRwczpcL1wvYXBzYWR2aXNvcnNncm91cC5jb21cL3dwLWNvbnRlbnRcL3VwbG9hZHNcLzIwMjNcLzA2XC9Qcm95ZWN0b3MtRm9ydC1MYXVkZXJkYWxlLUZMLUFudGVzLTEuanBnIiwic2xpZGVzaG93IjoiNDBhMjAzMiJ9\" href='https:\/\/apsadvisorsgroup.com\/wp-content\/uploads\/2023\/06\/Proyectos-Fort-Lauderdale-FL-Antes-1.jpg'><img decoding=\"async\" width=\"1200\" height=\"630\" src=\"https:\/\/apsadvisorsgroup.com\/wp-content\/uploads\/2023\/06\/Proyectos-Fort-Lauderdale-FL-Antes-1.jpg\" class=\"attachment-full size-full\" alt=\"\" aria-describedby=\"gallery-1-662\" srcset=\"https:\/\/apsadvisorsgroup.com\/wp-content\/uploads\/2023\/06\/Proyectos-Fort-Lauderdale-FL-Antes-1.jpg 1200w, https:\/\/apsadvisorsgroup.com\/wp-content\/uploads\/2023\/06\/Proyectos-Fort-Lauderdale-FL-Antes-1-300x158.jpg 300w, https:\/\/apsadvisorsgroup.com\/wp-content\/uploads\/2023\/06\/Proyectos-Fort-Lauderdale-FL-Antes-1-1024x538.jpg 1024w, https:\/\/apsadvisorsgroup.com\/wp-content\/uploads\/2023\/06\/Proyectos-Fort-Lauderdale-FL-Antes-1-768x403.jpg 768w\" sizes=\"(max-width: 1200px) 100vw, 1200px\" \/><\/a>\n\t\t\t<\/div>\n\t\t\t\t<figcaption class='wp-caption-text gallery-caption' id='gallery-1-662'>\n\t\t\t\tBefore\n\t\t\t\t<\/figcaption><\/figure>\n\t\t<\/div>\n\t\t<\/div>\n\t\t\t\t\t\t<\/div>\n\t\t\t\t<\/div>\n\t\t\t\t\t<\/div>\n\t\t<\/div>\n\t\t\t\t\t<\/div>\n\t\t<\/section>\n\t\t\t\t<section class=\"elementor-section elementor-top-section elementor-element elementor-element-9bac936 elementor-section-boxed elementor-section-height-default elementor-section-height-default\" data-id=\"9bac936\" data-element_type=\"section\" data-settings=\"{&quot;background_background&quot;:&quot;classic&quot;}\">\n\t\t\t\t\t\t<div class=\"elementor-container elementor-column-gap-default\">\n\t\t\t\t\t<div class=\"elementor-column elementor-col-100 elementor-top-column elementor-element elementor-element-c7b3b86\" data-id=\"c7b3b86\" data-element_type=\"column\">\n\t\t\t<div class=\"elementor-widget-wrap elementor-element-populated\">\n\t\t\t\t\t\t<div class=\"elementor-element elementor-element-42c7176 elementor-invisible elementor-widget elementor-widget-heading\" data-id=\"42c7176\" data-element_type=\"widget\" data-settings=\"{&quot;_animation&quot;:&quot;fadeIn&quot;}\" data-widget_type=\"heading.default\">\n\t\t\t\t<div class=\"elementor-widget-container\">\n\t\t\t\t\t<h2 class=\"elementor-heading-title elementor-size-default\">Location<\/h2>\t\t\t\t<\/div>\n\t\t\t\t<\/div>\n\t\t\t\t<div class=\"elementor-element elementor-element-1b2216d elementor-invisible elementor-widget elementor-widget-google_maps\" data-id=\"1b2216d\" data-element_type=\"widget\" data-settings=\"{&quot;_animation&quot;:&quot;fadeIn&quot;}\" data-widget_type=\"google_maps.default\">\n\t\t\t\t<div class=\"elementor-widget-container\">\n\t\t\t\t\t\t\t<div class=\"elementor-custom-embed\">\n\t\t\t<iframe loading=\"lazy\"\n\t\t\t\t\tsrc=\"https:\/\/maps.google.com\/maps?q=521%20SW%2022nd%20Ter%20Ft.%20Lauderdale%20Fl%2033312&#038;t=m&#038;z=13&#038;output=embed&#038;iwloc=near\"\n\t\t\t\t\ttitle=\"521 SW 22nd Ter Ft. Lauderdale Fl 33312\"\n\t\t\t\t\taria-label=\"521 SW 22nd Ter Ft. Lauderdale Fl 33312\"\n\t\t\t><\/iframe>\n\t\t<\/div>\n\t\t\t\t\t\t<\/div>\n\t\t\t\t<\/div>\n\t\t\t\t\t<\/div>\n\t\t<\/div>\n\t\t\t\t\t<\/div>\n\t\t<\/section>\n\t\t\t\t<section class=\"elementor-section elementor-top-section elementor-element elementor-element-dd3b3a2 elementor-section-stretched elementor-section-boxed elementor-section-height-default elementor-section-height-default elementor-invisible\" data-id=\"dd3b3a2\" data-element_type=\"section\" data-settings=\"{&quot;stretch_section&quot;:&quot;section-stretched&quot;,&quot;background_background&quot;:&quot;classic&quot;,&quot;animation&quot;:&quot;fadeIn&quot;}\">\n\t\t\t\t\t\t\t<div class=\"elementor-background-overlay\"><\/div>\n\t\t\t\t\t\t\t<div class=\"elementor-container elementor-column-gap-default\">\n\t\t\t\t\t<div class=\"elementor-column elementor-col-50 elementor-top-column elementor-element elementor-element-e9991fc\" data-id=\"e9991fc\" data-element_type=\"column\">\n\t\t\t<div class=\"elementor-widget-wrap elementor-element-populated\">\n\t\t\t\t\t\t<div class=\"elementor-element elementor-element-745ba88 elementor-align-right elementor-mobile-align-center elementor-widget elementor-widget-button\" data-id=\"745ba88\" data-element_type=\"widget\" data-widget_type=\"button.default\">\n\t\t\t\t<div class=\"elementor-widget-container\">\n\t\t\t\t\t\t\t\t\t<div class=\"elementor-button-wrapper\">\n\t\t\t\t\t<a class=\"elementor-button elementor-size-sm\" role=\"button\">\n\t\t\t\t\t\t<span class=\"elementor-button-content-wrapper\">\n\t\t\t\t\t\t\t\t\t<span class=\"elementor-button-text\">Copyright \u00a9 2023 APS Advisors Group LLC.<\/span>\n\t\t\t\t\t<\/span>\n\t\t\t\t\t<\/a>\n\t\t\t\t<\/div>\n\t\t\t\t\t\t\t\t<\/div>\n\t\t\t\t<\/div>\n\t\t\t\t\t<\/div>\n\t\t<\/div>\n\t\t\t\t<div class=\"elementor-column elementor-col-50 elementor-top-column elementor-element elementor-element-37a1735\" data-id=\"37a1735\" data-element_type=\"column\">\n\t\t\t<div class=\"elementor-widget-wrap elementor-element-populated\">\n\t\t\t\t\t\t<div class=\"elementor-element elementor-element-269380c elementor-align-left elementor-mobile-align-center elementor-widget elementor-widget-button\" data-id=\"269380c\" data-element_type=\"widget\" data-widget_type=\"button.default\">\n\t\t\t\t<div class=\"elementor-widget-container\">\n\t\t\t\t\t\t\t\t\t<div class=\"elementor-button-wrapper\">\n\t\t\t\t\t<a class=\"elementor-button elementor-size-sm\" role=\"button\">\n\t\t\t\t\t\t<span class=\"elementor-button-content-wrapper\">\n\t\t\t\t\t\t<span class=\"elementor-button-icon\">\n\t\t\t\t<svg xmlns=\"http:\/\/www.w3.org\/2000\/svg\" viewbox=\"0 0 189 99\"><defs><style>.cls-1{fill:#0c1015;}<\/style><\/defs><g id=\"Capa_2\" data-name=\"Capa 2\"><g id=\"Arte\"><path class=\"cls-1\" d=\"M187,99H2a2,2,0,0,1-2-2V2A2,2,0,0,1,2,0H187a2,2,0,0,1,2,2V97A2,2,0,0,1,187,99ZM9.39,91.25H179.61a1.63,1.63,0,0,0,1.64-1.64V9.39a1.63,1.63,0,0,0-1.64-1.64H9.39A1.63,1.63,0,0,0,7.75,9.39V89.61A1.63,1.63,0,0,0,9.39,91.25Z\"><\/path><path class=\"cls-1\" d=\"M70.69,72H28.31A1.31,1.31,0,0,1,27,70.69V28.31A1.31,1.31,0,0,1,28.31,27H70.69A1.31,1.31,0,0,1,72,28.31v6.38A1.31,1.31,0,0,1,70.69,36h-34a.65.65,0,0,0-.66.66V62.34a.65.65,0,0,0,.66.66H62.34a.65.65,0,0,0,.66-.66V54.66a.65.65,0,0,0-.66-.66h-7A1.31,1.31,0,0,1,54,52.69V46.31A1.31,1.31,0,0,1,55.31,45H70.69A1.31,1.31,0,0,1,72,46.31V70.69A1.31,1.31,0,0,1,70.69,72Z\"><\/path><path class=\"cls-1\" d=\"M117,70.69V28.31A1.31,1.31,0,0,1,118.31,27h42.38A1.31,1.31,0,0,1,162,28.31V70.69A1.31,1.31,0,0,1,160.69,72H118.31A1.31,1.31,0,0,1,117,70.69Zm36-8.35V36.66a.65.65,0,0,0-.66-.66H126.66a.65.65,0,0,0-.66.66V62.34a.65.65,0,0,0,.66.66h25.68A.65.65,0,0,0,153,62.34Z\"><\/path><\/g><\/g><\/svg>\t\t\t<\/span>\n\t\t\t\t\t\t\t\t\t<span class=\"elementor-button-text\">Designed by Go Studios S.A.S.<\/span>\n\t\t\t\t\t<\/span>\n\t\t\t\t\t<\/a>\n\t\t\t\t<\/div>\n\t\t\t\t\t\t\t\t<\/div>\n\t\t\t\t<\/div>\n\t\t\t\t\t<\/div>\n\t\t<\/div>\n\t\t\t\t\t<\/div>\n\t\t<\/section>\n\t\t\t\t<\/div>","protected":false},"excerpt":{"rendered":"<p>Fort Lauderdale, FL Compra, reparaci\u00f3n y venta de casa de una planta. \u00c1rea bajo AC: 1,368 Pies2 &#8211; 127.0 Mts2 \u00c1rea del terreno: 7,216 Pies2 &#8211; 670.0 Mts2 90 d\u00edas de remodelaci\u00f3n. Volver a Proyectos Foto terminada Foto antes Ubicaci\u00f3n Copyright \u00a9 2023 APS Advisors Group LLC. Designed by Go Studios S.A.S.<\/p>","protected":false},"author":1,"featured_media":0,"parent":0,"menu_order":0,"comment_status":"closed","ping_status":"closed","template":"","meta":{"site-sidebar-layout":"no-sidebar","site-content-layout":"page-builder","ast-site-content-layout":"","site-content-style":"default","site-sidebar-style":"default","ast-global-header-display":"","ast-banner-title-visibility":"","ast-main-header-display":"","ast-hfb-above-header-display":"","ast-hfb-below-header-display":"","ast-hfb-mobile-header-display":"","site-post-title":"disabled","ast-breadcrumbs-content":"","ast-featured-img":"disabled","footer-sml-layout":"","theme-transparent-header-meta":"","adv-header-id-meta":"","stick-header-meta":"","header-above-stick-meta":"","header-main-stick-meta":"","header-below-stick-meta":"","astra-migrate-meta-layouts":"default","ast-page-background-enabled":"default","ast-page-background-meta":{"desktop":{"background-color":"var(--ast-global-color-4)","background-image":"","background-repeat":"repeat","background-position":"center center","background-size":"auto","background-attachment":"scroll","background-type":"","background-media":"","overlay-type":"","overlay-color":"","overlay-opacity":"","overlay-gradient":""},"tablet":{"background-color":"","background-image":"","background-repeat":"repeat","background-position":"center center","background-size":"auto","background-attachment":"scroll","background-type":"","background-media":"","overlay-type":"","overlay-color":"","overlay-opacity":"","overlay-gradient":""},"mobile":{"background-color":"","background-image":"","background-repeat":"repeat","background-position":"center center","background-size":"auto","background-attachment":"scroll","background-type":"","background-media":"","overlay-type":"","overlay-color":"","overlay-opacity":"","overlay-gradient":""}},"ast-content-background-meta":{"desktop":{"background-color":"var(--ast-global-color-5)","background-image":"","background-repeat":"repeat","background-position":"center center","background-size":"auto","background-attachment":"scroll","background-type":"","background-media":"","overlay-type":"","overlay-color":"","overlay-opacity":"","overlay-gradient":""},"tablet":{"background-color":"var(--ast-global-color-5)","background-image":"","background-repeat":"repeat","background-position":"center center","background-size":"auto","background-attachment":"scroll","background-type":"","background-media":"","overlay-type":"","overlay-color":"","overlay-opacity":"","overlay-gradient":""},"mobile":{"background-color":"var(--ast-global-color-5)","background-image":"","background-repeat":"repeat","background-position":"center center","background-size":"auto","background-attachment":"scroll","background-type":"","background-media":"","overlay-type":"","overlay-color":"","overlay-opacity":"","overlay-gradient":""}},"footnotes":""},"class_list":["post-651","page","type-page","status-publish","hentry"],"_links":{"self":[{"href":"https:\/\/apsadvisorsgroup.com\/en\/wp-json\/wp\/v2\/pages\/651","targetHints":{"allow":["GET"]}}],"collection":[{"href":"https:\/\/apsadvisorsgroup.com\/en\/wp-json\/wp\/v2\/pages"}],"about":[{"href":"https:\/\/apsadvisorsgroup.com\/en\/wp-json\/wp\/v2\/types\/page"}],"author":[{"embeddable":true,"href":"https:\/\/apsadvisorsgroup.com\/en\/wp-json\/wp\/v2\/users\/1"}],"replies":[{"embeddable":true,"href":"https:\/\/apsadvisorsgroup.com\/en\/wp-json\/wp\/v2\/comments?post=651"}],"version-history":[{"count":49,"href":"https:\/\/apsadvisorsgroup.com\/en\/wp-json\/wp\/v2\/pages\/651\/revisions"}],"predecessor-version":[{"id":2643,"href":"https:\/\/apsadvisorsgroup.com\/en\/wp-json\/wp\/v2\/pages\/651\/revisions\/2643"}],"wp:attachment":[{"href":"https:\/\/apsadvisorsgroup.com\/en\/wp-json\/wp\/v2\/media?parent=651"}],"curies":[{"name":"wp","href":"https:\/\/api.w.org\/{rel}","templated":true}]}}