{"id":1311,"date":"2023-07-05T16:21:17","date_gmt":"2023-07-05T16:21:17","guid":{"rendered":"https:\/\/apsadvisorsgroup.com\/?page_id=1311"},"modified":"2023-07-29T19:02:03","modified_gmt":"2023-07-29T19:02:03","slug":"politica-de-privacidad","status":"publish","type":"page","link":"https:\/\/apsadvisorsgroup.com\/en\/politica-de-privacidad\/","title":{"rendered":"Privacy Policy"},"content":{"rendered":"<div data-elementor-type=\"wp-page\" data-elementor-id=\"1311\" class=\"elementor elementor-1311\">\n\t\t\t\t\t\t<section class=\"elementor-section elementor-top-section elementor-element elementor-element-4d5d03d elementor-section-boxed elementor-section-height-default elementor-section-height-default\" data-id=\"4d5d03d\" data-element_type=\"section\">\n\t\t\t\t\t\t<div class=\"elementor-container elementor-column-gap-default\">\n\t\t\t\t\t<div class=\"elementor-column elementor-col-100 elementor-top-column elementor-element elementor-element-b36b72c\" data-id=\"b36b72c\" data-element_type=\"column\">\n\t\t\t<div class=\"elementor-widget-wrap elementor-element-populated\">\n\t\t\t\t\t\t<div class=\"elementor-element elementor-element-0192b59 elementor-widget elementor-widget-heading\" data-id=\"0192b59\" data-element_type=\"widget\" data-widget_type=\"heading.default\">\n\t\t\t\t<div class=\"elementor-widget-container\">\n\t\t\t\t\t<h2 class=\"elementor-heading-title elementor-size-default\">Privacy Policy<\/h2>\t\t\t\t<\/div>\n\t\t\t\t<\/div>\n\t\t\t\t<div class=\"elementor-element elementor-element-621345f elementor-widget elementor-widget-spacer\" data-id=\"621345f\" data-element_type=\"widget\" data-widget_type=\"spacer.default\">\n\t\t\t\t<div class=\"elementor-widget-container\">\n\t\t\t\t\t\t\t<div class=\"elementor-spacer\">\n\t\t\t<div class=\"elementor-spacer-inner\"><\/div>\n\t\t<\/div>\n\t\t\t\t\t\t<\/div>\n\t\t\t\t<\/div>\n\t\t\t\t<div class=\"elementor-element elementor-element-b5daf4a elementor-widget elementor-widget-text-editor\" data-id=\"b5daf4a\" data-element_type=\"widget\" data-widget_type=\"text-editor.default\">\n\t\t\t\t<div class=\"elementor-widget-container\">\n\t\t\t\t\t\t\t\t\t<p><span style=\"font-style: inherit; font-weight: inherit; font-family: var( --e-global-typography-text-font-family ), Sans-serif; background-color: var(--ast-global-color-5);\">This Privacy Policy establishes the terms in which&nbsp;<\/span><strong style=\"font-style: inherit; font-family: var( --e-global-typography-text-font-family ), Sans-serif; background-color: var(--ast-global-color-5);\">APS ADVISORS GROUP LLC<\/strong><span style=\"font-style: inherit; font-weight: inherit; font-family: var( --e-global-typography-text-font-family ), Sans-serif; background-color: var(--ast-global-color-5);\">&nbsp;uses and protects the information that is provided by its users when using the website. This company is committed to the security of its users' data. When we ask you to fill in the personal information fields with which you can be identified, we do so ensuring that it will only be used in accordance with the terms of this document. However, this Privacy Policy may change over time or be updated, so we recommend and emphasize that you continually review this page to ensure that you agree with such changes.<\/span><br><\/p>\n<p><strong>Information that is collected<\/strong><\/p>\n<p>Our website may collect personal information such as: Name, contact information such as your email address and demographic information. Likewise, when necessary, specific information may be required to process any information necessary for the provision of the service.<\/p>\n<p><strong>Use of collected information<\/strong><\/p>\n<p>Our website uses the information in order to provide the best possible service, particularly to maintain a user registry, of orders if applicable, and to improve our products and services. Periodic emails may be sent through our site with special information that we consider relevant to you or that may provide you with some benefit, these emails will be sent to the address you provide and may be canceled at any time.<\/p>\n<p><strong>APS ADVISORS GROUP LLC<\/strong>&nbsp;is highly committed to fulfill the commitment to keep your information secure. We use the most advanced systems and constantly update them to ensure that there is no unauthorized access.<\/p>\n<p><strong>Cookies<\/strong><\/p>\n<p>A cookie refers to a file that is sent with the purpose of requesting permission to be stored on your computer, by accepting said file it is created and the cookie is then used to have information regarding web traffic, and also facilitates future visits to a website. recurrent. Another function that cookies have is that with them the web can recognize you and therefore provide you with the best personalized service on your website.<\/p>\n<p>Our website uses cookies to be able to identify the pages that are visited and their frequency. This information is used for statistical analysis only and then the information is permanently deleted. You can delete cookies at any time from your computer. However, cookies help to provide a better service for websites, you do not give access to information from your computer, or from you, unless you want it and provide it directly. You can accept or deny the use of cookies, however most browsers automatically accept cookies, as it serves to have a better web service. Also, you can change the settings on your computer to decline cookies. If they are declined, you may not be able to use some of our services.<\/p>\n<p><strong>Links to third parties<\/strong><\/p>\n<p>This website may contain links to other sites that may be of interest to you. Once you click on these links and leave our page, we no longer have control over the site to which you are redirected and therefore we are not responsible for the protection of your data in those environments. These sites are subject to their own privacy policies, so it is recommended that you consult them to confirm that you agree.<\/p>\n<p><strong>Control of your personal information<\/strong><\/p>\n<p>At any time you can restrict the collection or use of personal information that is provided to our website. Every time you are asked to fill in a form, such as user registration, you can check or uncheck the option to receive information by email.<\/p>\n<p>This company will not sell, assign, or distribute the personal information that is collected without your consent, unless required by a judge with a court order.<\/p>\n<p>The developer of this website reserves the right to change the terms of this Privacy Policy at any time.<\/p>\t\t\t\t\t\t\t\t<\/div>\n\t\t\t\t<\/div>\n\t\t\t\t\t<\/div>\n\t\t<\/div>\n\t\t\t\t\t<\/div>\n\t\t<\/section>\n\t\t\t\t<section class=\"elementor-section elementor-top-section elementor-element elementor-element-8f46d89 elementor-section-stretched elementor-section-boxed elementor-section-height-default elementor-section-height-default\" data-id=\"8f46d89\" data-element_type=\"section\" data-settings=\"{&quot;stretch_section&quot;:&quot;section-stretched&quot;,&quot;animation&quot;:&quot;none&quot;}\">\n\t\t\t\t\t\t\t<div class=\"elementor-background-overlay\"><\/div>\n\t\t\t\t\t\t\t<div class=\"elementor-container elementor-column-gap-default\">\n\t\t\t\t\t<div class=\"elementor-column elementor-col-50 elementor-top-column elementor-element elementor-element-398bb4b\" data-id=\"398bb4b\" data-element_type=\"column\">\n\t\t\t<div class=\"elementor-widget-wrap elementor-element-populated\">\n\t\t\t\t\t\t<div class=\"elementor-element elementor-element-acfaac3 elementor-align-right elementor-mobile-align-center elementor-widget elementor-widget-button\" data-id=\"acfaac3\" data-element_type=\"widget\" data-widget_type=\"button.default\">\n\t\t\t\t<div class=\"elementor-widget-container\">\n\t\t\t\t\t\t\t\t\t<div class=\"elementor-button-wrapper\">\n\t\t\t\t\t<a class=\"elementor-button elementor-size-sm\" role=\"button\">\n\t\t\t\t\t\t<span class=\"elementor-button-content-wrapper\">\n\t\t\t\t\t\t\t\t\t<span class=\"elementor-button-text\">Copyright \u00a9 2023 APS Advisors Group LLC.<\/span>\n\t\t\t\t\t<\/span>\n\t\t\t\t\t<\/a>\n\t\t\t\t<\/div>\n\t\t\t\t\t\t\t\t<\/div>\n\t\t\t\t<\/div>\n\t\t\t\t\t<\/div>\n\t\t<\/div>\n\t\t\t\t<div class=\"elementor-column elementor-col-50 elementor-top-column elementor-element elementor-element-bbd5a85\" data-id=\"bbd5a85\" data-element_type=\"column\">\n\t\t\t<div class=\"elementor-widget-wrap elementor-element-populated\">\n\t\t\t\t\t\t<div class=\"elementor-element elementor-element-ea16eff elementor-align-left elementor-mobile-align-center elementor-widget elementor-widget-button\" data-id=\"ea16eff\" data-element_type=\"widget\" data-widget_type=\"button.default\">\n\t\t\t\t<div class=\"elementor-widget-container\">\n\t\t\t\t\t\t\t\t\t<div class=\"elementor-button-wrapper\">\n\t\t\t\t\t<a class=\"elementor-button elementor-size-sm\" role=\"button\">\n\t\t\t\t\t\t<span class=\"elementor-button-content-wrapper\">\n\t\t\t\t\t\t<span class=\"elementor-button-icon\">\n\t\t\t\t<svg xmlns=\"http:\/\/www.w3.org\/2000\/svg\" viewbox=\"0 0 189 99\"><defs><style>.cls-1{fill:#0c1015;}<\/style><\/defs><g id=\"Capa_2\" data-name=\"Capa 2\"><g id=\"Arte\"><path class=\"cls-1\" d=\"M187,99H2a2,2,0,0,1-2-2V2A2,2,0,0,1,2,0H187a2,2,0,0,1,2,2V97A2,2,0,0,1,187,99ZM9.39,91.25H179.61a1.63,1.63,0,0,0,1.64-1.64V9.39a1.63,1.63,0,0,0-1.64-1.64H9.39A1.63,1.63,0,0,0,7.75,9.39V89.61A1.63,1.63,0,0,0,9.39,91.25Z\"><\/path><path class=\"cls-1\" d=\"M70.69,72H28.31A1.31,1.31,0,0,1,27,70.69V28.31A1.31,1.31,0,0,1,28.31,27H70.69A1.31,1.31,0,0,1,72,28.31v6.38A1.31,1.31,0,0,1,70.69,36h-34a.65.65,0,0,0-.66.66V62.34a.65.65,0,0,0,.66.66H62.34a.65.65,0,0,0,.66-.66V54.66a.65.65,0,0,0-.66-.66h-7A1.31,1.31,0,0,1,54,52.69V46.31A1.31,1.31,0,0,1,55.31,45H70.69A1.31,1.31,0,0,1,72,46.31V70.69A1.31,1.31,0,0,1,70.69,72Z\"><\/path><path class=\"cls-1\" d=\"M117,70.69V28.31A1.31,1.31,0,0,1,118.31,27h42.38A1.31,1.31,0,0,1,162,28.31V70.69A1.31,1.31,0,0,1,160.69,72H118.31A1.31,1.31,0,0,1,117,70.69Zm36-8.35V36.66a.65.65,0,0,0-.66-.66H126.66a.65.65,0,0,0-.66.66V62.34a.65.65,0,0,0,.66.66h25.68A.65.65,0,0,0,153,62.34Z\"><\/path><\/g><\/g><\/svg>\t\t\t<\/span>\n\t\t\t\t\t\t\t\t\t<span class=\"elementor-button-text\">Designed by Go Studios S.A.S.<\/span>\n\t\t\t\t\t<\/span>\n\t\t\t\t\t<\/a>\n\t\t\t\t<\/div>\n\t\t\t\t\t\t\t\t<\/div>\n\t\t\t\t<\/div>\n\t\t\t\t\t<\/div>\n\t\t<\/div>\n\t\t\t\t\t<\/div>\n\t\t<\/section>\n\t\t\t\t<\/div>","protected":false},"excerpt":{"rendered":"<p>Pol\u00edtica de Privacidad La presente Pol\u00edtica de Privacidad establece los t\u00e9rminos en que&nbsp;APS ADVISORS GROUP LLC&nbsp;usa y protege la informaci\u00f3n que es proporcionada por sus usuarios al momento de utilizar el sitio web. Esta compa\u00f1\u00eda est\u00e1 comprometida con la seguridad de los datos de sus usuarios. Cuando le pedimos llenar los campos de informaci\u00f3n personal [&hellip;]<\/p>","protected":false},"author":1,"featured_media":0,"parent":0,"menu_order":0,"comment_status":"closed","ping_status":"closed","template":"","meta":{"site-sidebar-layout":"no-sidebar","site-content-layout":"page-builder","ast-site-content-layout":"","site-content-style":"default","site-sidebar-style":"default","ast-global-header-display":"","ast-banner-title-visibility":"","ast-main-header-display":"","ast-hfb-above-header-display":"","ast-hfb-below-header-display":"","ast-hfb-mobile-header-display":"","site-post-title":"disabled","ast-breadcrumbs-content":"","ast-featured-img":"disabled","footer-sml-layout":"","theme-transparent-header-meta":"","adv-header-id-meta":"","stick-header-meta":"","header-above-stick-meta":"","header-main-stick-meta":"","header-below-stick-meta":"","astra-migrate-meta-layouts":"default","ast-page-background-enabled":"default","ast-page-background-meta":{"desktop":{"background-color":"var(--ast-global-color-4)","background-image":"","background-repeat":"repeat","background-position":"center center","background-size":"auto","background-attachment":"scroll","background-type":"","background-media":"","overlay-type":"","overlay-color":"","overlay-opacity":"","overlay-gradient":""},"tablet":{"background-color":"","background-image":"","background-repeat":"repeat","background-position":"center center","background-size":"auto","background-attachment":"scroll","background-type":"","background-media":"","overlay-type":"","overlay-color":"","overlay-opacity":"","overlay-gradient":""},"mobile":{"background-color":"","background-image":"","background-repeat":"repeat","background-position":"center center","background-size":"auto","background-attachment":"scroll","background-type":"","background-media":"","overlay-type":"","overlay-color":"","overlay-opacity":"","overlay-gradient":""}},"ast-content-background-meta":{"desktop":{"background-color":"var(--ast-global-color-5)","background-image":"","background-repeat":"repeat","background-position":"center center","background-size":"auto","background-attachment":"scroll","background-type":"","background-media":"","overlay-type":"","overlay-color":"","overlay-opacity":"","overlay-gradient":""},"tablet":{"background-color":"var(--ast-global-color-5)","background-image":"","background-repeat":"repeat","background-position":"center center","background-size":"auto","background-attachment":"scroll","background-type":"","background-media":"","overlay-type":"","overlay-color":"","overlay-opacity":"","overlay-gradient":""},"mobile":{"background-color":"var(--ast-global-color-5)","background-image":"","background-repeat":"repeat","background-position":"center center","background-size":"auto","background-attachment":"scroll","background-type":"","background-media":"","overlay-type":"","overlay-color":"","overlay-opacity":"","overlay-gradient":""}},"footnotes":""},"class_list":["post-1311","page","type-page","status-publish","hentry"],"_links":{"self":[{"href":"https:\/\/apsadvisorsgroup.com\/en\/wp-json\/wp\/v2\/pages\/1311","targetHints":{"allow":["GET"]}}],"collection":[{"href":"https:\/\/apsadvisorsgroup.com\/en\/wp-json\/wp\/v2\/pages"}],"about":[{"href":"https:\/\/apsadvisorsgroup.com\/en\/wp-json\/wp\/v2\/types\/page"}],"author":[{"embeddable":true,"href":"https:\/\/apsadvisorsgroup.com\/en\/wp-json\/wp\/v2\/users\/1"}],"replies":[{"embeddable":true,"href":"https:\/\/apsadvisorsgroup.com\/en\/wp-json\/wp\/v2\/comments?post=1311"}],"version-history":[{"count":34,"href":"https:\/\/apsadvisorsgroup.com\/en\/wp-json\/wp\/v2\/pages\/1311\/revisions"}],"predecessor-version":[{"id":2532,"href":"https:\/\/apsadvisorsgroup.com\/en\/wp-json\/wp\/v2\/pages\/1311\/revisions\/2532"}],"wp:attachment":[{"href":"https:\/\/apsadvisorsgroup.com\/en\/wp-json\/wp\/v2\/media?parent=1311"}],"curies":[{"name":"wp","href":"https:\/\/api.w.org\/{rel}","templated":true}]}}